{"id":6243,"date":"2026-03-14T21:21:32","date_gmt":"2026-03-14T21:21:32","guid":{"rendered":"https:\/\/erwesreifenberg.com\/?page_id=6243"},"modified":"2026-04-08T14:01:54","modified_gmt":"2026-04-08T14:01:54","slug":"50th-anniversary","status":"publish","type":"page","link":"https:\/\/erwesreifenberg.com\/fr\/50th-anniversary\/","title":{"rendered":"50th Anniversary"},"content":{"rendered":"\t\t<div data-elementor-type=\"wp-page\" data-elementor-id=\"6243\" class=\"elementor elementor-6243\" data-elementor-post-type=\"page\">\n\t\t\t\t<div class=\"elementor-element elementor-element-e240aa6 e-con-full e-flex e-con e-parent\" data-id=\"e240aa6\" data-element_type=\"container\" data-e-type=\"container\" data-settings=\"{&quot;background_background&quot;:&quot;gradient&quot;}\">\n\t\t<div class=\"elementor-element elementor-element-4c4aae30 e-con-full e-flex e-con e-child\" data-id=\"4c4aae30\" data-element_type=\"container\" data-e-type=\"container\">\n\t\t<div class=\"elementor-element elementor-element-61b83208 e-con-full e-flex e-con e-child\" data-id=\"61b83208\" data-element_type=\"container\" data-e-type=\"container\">\n\t\t\t\t<div class=\"elementor-element elementor-element-2470abbc elementor-widget elementor-widget-image\" data-id=\"2470abbc\" data-element_type=\"widget\" data-e-type=\"widget\" data-widget_type=\"image.default\">\n\t\t\t\t<div class=\"elementor-widget-container\">\n\t\t\t\t\t\t\t\t\t\t\t\t\t\t\t\t<a href=\"https:\/\/erwesreifenberg.com\/wp-content\/uploads\/2026\/04\/50-JAHRE-LEISTUNG-Erwes-Reifenberg.jpg\" data-elementor-open-lightbox=\"yes\" data-elementor-lightbox-title=\"50 JAHRE LEISTUNG - Erwes Reifenberg\" data-e-action-hash=\"#elementor-action%3Aaction%3Dlightbox%26settings%3DeyJpZCI6NjMyMCwidXJsIjoiaHR0cHM6XC9cL2Vyd2VzcmVpZmVuYmVyZy5jb21cL3dwLWNvbnRlbnRcL3VwbG9hZHNcLzIwMjZcLzA0XC81MC1KQUhSRS1MRUlTVFVORy1Fcndlcy1SZWlmZW5iZXJnLmpwZyJ9\">\n\t\t\t\t\t\t\t<img fetchpriority=\"high\" decoding=\"async\" width=\"2000\" height=\"1330\" src=\"https:\/\/erwesreifenberg.com\/wp-content\/uploads\/2026\/04\/50-JAHRE-LEISTUNG-Erwes-Reifenberg.jpg\" class=\"attachment-full size-full wp-image-6320\" alt=\"\" srcset=\"https:\/\/erwesreifenberg.com\/wp-content\/uploads\/2026\/04\/50-JAHRE-LEISTUNG-Erwes-Reifenberg.jpg 2000w, https:\/\/erwesreifenberg.com\/wp-content\/uploads\/2026\/04\/50-JAHRE-LEISTUNG-Erwes-Reifenberg-300x200.jpg 300w, https:\/\/erwesreifenberg.com\/wp-content\/uploads\/2026\/04\/50-JAHRE-LEISTUNG-Erwes-Reifenberg-1024x681.jpg 1024w, https:\/\/erwesreifenberg.com\/wp-content\/uploads\/2026\/04\/50-JAHRE-LEISTUNG-Erwes-Reifenberg-768x511.jpg 768w, https:\/\/erwesreifenberg.com\/wp-content\/uploads\/2026\/04\/50-JAHRE-LEISTUNG-Erwes-Reifenberg-1536x1021.jpg 1536w, https:\/\/erwesreifenberg.com\/wp-content\/uploads\/2026\/04\/50-JAHRE-LEISTUNG-Erwes-Reifenberg-18x12.jpg 18w, https:\/\/erwesreifenberg.com\/wp-content\/uploads\/2026\/04\/50-JAHRE-LEISTUNG-Erwes-Reifenberg-600x399.jpg 600w\" sizes=\"(max-width: 2000px) 100vw, 2000px\" \/>\t\t\t\t\t\t\t\t<\/a>\n\t\t\t\t\t\t\t\t\t\t\t\t\t\t\t<\/div>\n\t\t\t\t<\/div>\n\t\t\t\t<\/div>\n\t\t<div class=\"elementor-element elementor-element-5e8bdf27 e-con-full e-flex e-con e-child\" data-id=\"5e8bdf27\" data-element_type=\"container\" data-e-type=\"container\">\n\t\t\t\t<div class=\"elementor-element elementor-element-5d3997fe uael-dual-heading-align-left elementor-widget elementor-widget-uael-dual-color-heading\" data-id=\"5d3997fe\" data-element_type=\"widget\" data-e-type=\"widget\" data-settings=\"{&quot;_animation&quot;:&quot;none&quot;}\" data-widget_type=\"uael-dual-color-heading.default\">\n\t\t\t\t<div class=\"elementor-widget-container\">\n\t\t\t\t\t\t\t\t\t<div class=\"uael-module-content uael-dual-color-heading uael-dual-heading-fill-yes uael-heading-stack-tablet\">\n\t\t\t<h1>\n\t\t\t\t\t\t\t\t\t\t\t\t\t\t\t\t<span class=\"uael-before-heading\"><span class=\"elementor-inline-editing uael-dual-heading-text uael-first-text\" data-elementor-setting-key=\"before_heading_text\" data-elementor-inline-editing-toolbar=\"basic\">50 JAHRE LEISTUNG<\/span><\/span><span class=\"uael-adv-heading-stack\"><span class=\"elementor-inline-editing uael-dual-heading-text uael-highlight-text\" data-elementor-setting-key=\"second_heading_text\" data-elementor-inline-editing-toolbar=\"basic\"><\/span><\/span>\t\t\t\t\t\t\t\t\t\t\t\t\t<\/h1>\n\t\t<\/div>\n\t\t\t\t\t\t<\/div>\n\t\t\t\t<\/div>\n\t\t\t\t<div class=\"elementor-element elementor-element-1d687ece elementor-widget elementor-widget-heading\" data-id=\"1d687ece\" data-element_type=\"widget\" data-e-type=\"widget\" data-widget_type=\"heading.default\">\n\t\t\t\t<div class=\"elementor-widget-container\">\n\t\t\t\t\t<h1 class=\"elementor-heading-title elementor-size-default\">SEIT 1976  <br>\nAnspruch. KLARHEIT. VERANTWORTUNG.\n<\/h1>\t\t\t\t<\/div>\n\t\t\t\t<\/div>\n\t\t\t\t<div class=\"elementor-element elementor-element-3ef022a5 elementor-widget elementor-widget-text-editor\" data-id=\"3ef022a5\" data-element_type=\"widget\" data-e-type=\"widget\" data-widget_type=\"text-editor.default\">\n\t\t\t\t<div class=\"elementor-widget-container\">\n\t\t\t\t\t\t\t\t\t<p>Seit f\u00fcnf Jahrzehnten entwickeln und bauen wir Werkzeuge f\u00fcr anspruchsvolle Anwendungen weltweit.<\/p><p>Das Werkzeug ist das Herz jeder Produktion. <br \/>Wer es baut, tr\u00e4gt Verantwortung \u2013 f\u00fcr Qualit\u00e4t, Stabilit\u00e4t und Leistung \u00fcber Jahre hinweg.<\/p><p>Diese Verantwortung tragen die Menschen bei Erwes Reifenberg.<\/p><p>Leistung entsteht durch Anspruch. Anspruch entsteht durch Klarheit.<\/p><p>Dieses Jubil\u00e4um ist ein Dank an unser Team, unsere Familien und unsere Partner, die diesen Weg mit uns gestalten.<\/p>\t\t\t\t\t\t\t\t<\/div>\n\t\t\t\t<\/div>\n\t\t\t\t<div class=\"elementor-element elementor-element-6891b68 elementor-widget elementor-widget-ameliaeventslistbooking\" data-id=\"6891b68\" data-element_type=\"widget\" data-e-type=\"widget\" data-widget_type=\"ameliaeventslistbooking.default\">\n\t\t\t\t<div class=\"elementor-widget-container\">\n\t\t\t\t\t<script>\n  if (typeof hasAmeliaEvent === 'undefined') {\n    var hasAmeliaEvent = true;\n  }\n  if (typeof hasEventApiCall === 'undefined' && ('' === '' && '' !== '1')) {\n    var hasEventApiCall = true;\n  }\n  var hasEventShortcode = (typeof hasEventShortcode === 'undefined') ? false : true;\n  var ameliaShortcodeData = (typeof ameliaShortcodeData === 'undefined') ? [] : ameliaShortcodeData;\n  ameliaShortcodeData.push(\n    {\n      'hasApiCall': (typeof hasEventApiCall !== 'undefined') && hasEventApiCall,\n      'trigger': '',\n      'trigger_type': '',\n      'triggered_form': 'elf',\n      'in_dialog': '',\n      'counter': '1000',\n      'employee': '',\n      'eventId': '1',\n      'eventRecurring': 0,\n      'eventTag': \"\",\n      'locationId': \"\",\n      'range': \"\"\n    }\n  );\n  var ameliaShortcodeDataTriggered = (typeof ameliaShortcodeDataTriggered === 'undefined') ? [] : ameliaShortcodeDataTriggered;\n  if (ameliaShortcodeData[ameliaShortcodeData.length - 1].trigger !== '') {\n    if (ameliaShortcodeDataTriggered.filter(a => a.counter === ameliaShortcodeData[ameliaShortcodeData.length - 1].counter).length === 0) {\n      ameliaShortcodeDataTriggered.push(ameliaShortcodeData.pop());\n    } else {\n      ameliaShortcodeData.pop()\n    }\n  }\n  if (typeof hasEventApiCall !== 'undefined' && hasEventApiCall) {\n    hasEventApiCall = false;\n  }\n<\/script>\n\n<div\n  id=\"amelia-v2-booking-1000\"\n  class=\"amelia-v2-booking\"\n>\n    <events-list-form-wrapper><\/div>\n\t\t\t\t<\/div>\n\t\t\t\t<\/div>\n\t\t\t\t<\/div>\n\t\t\t\t<\/div>\n\t\t\t\t<\/div>\n\t\t\t\t<\/div>\n\t\t","protected":false},"excerpt":{"rendered":"<p>50 JAHRE LEISTUNG SEIT 1976 Anspruch. KLARHEIT. VERANTWORTUNG. Seit f\u00fcnf Jahrzehnten entwickeln und bauen wir Werkzeuge f\u00fcr anspruchsvolle Anwendungen weltweit. Das Werkzeug ist das Herz jeder Produktion. Wer es baut, tr\u00e4gt Verantwortung \u2013 f\u00fcr Qualit\u00e4t, Stabilit\u00e4t und Leistung \u00fcber Jahre hinweg. Diese Verantwortung tragen die Menschen bei Erwes Reifenberg. Leistung entsteht durch Anspruch. Anspruch entsteht [&hellip;]<\/p>\n","protected":false},"author":1,"featured_media":6272,"parent":0,"menu_order":0,"comment_status":"closed","ping_status":"closed","template":"","meta":{"inline_featured_image":false,"site-sidebar-layout":"no-sidebar","site-content-layout":"page-builder","ast-site-content-layout":"full-width-container","site-content-style":"unboxed","site-sidebar-style":"unboxed","ast-global-header-display":"","ast-banner-title-visibility":"","ast-main-header-display":"","ast-hfb-above-header-display":"","ast-hfb-below-header-display":"","ast-hfb-mobile-header-display":"","site-post-title":"disabled","ast-breadcrumbs-content":"","ast-featured-img":"disabled","footer-sml-layout":"","ast-disable-related-posts":"","theme-transparent-header-meta":"enabled","adv-header-id-meta":"","stick-header-meta":"","header-above-stick-meta":"","header-main-stick-meta":"","header-below-stick-meta":"","astra-migrate-meta-layouts":"set","ast-page-background-enabled":"default","ast-page-background-meta":{"desktop":{"background-color":"","background-image":"","background-repeat":"repeat","background-position":"center center","background-size":"auto","background-attachment":"scroll","background-type":"","background-media":"","overlay-type":"","overlay-color":"","overlay-opacity":"","overlay-gradient":""},"tablet":{"background-color":"","background-image":"","background-repeat":"repeat","background-position":"center center","background-size":"auto","background-attachment":"scroll","background-type":"","background-media":"","overlay-type":"","overlay-color":"","overlay-opacity":"","overlay-gradient":""},"mobile":{"background-color":"","background-image":"","background-repeat":"repeat","background-position":"center center","background-size":"auto","background-attachment":"scroll","background-type":"","background-media":"","overlay-type":"","overlay-color":"","overlay-opacity":"","overlay-gradient":""}},"ast-content-background-meta":{"desktop":{"background-color":"var(--ast-global-color-5)","background-image":"","background-repeat":"repeat","background-position":"center center","background-size":"auto","background-attachment":"scroll","background-type":"","background-media":"","overlay-type":"","overlay-color":"","overlay-opacity":"","overlay-gradient":""},"tablet":{"background-color":"var(--ast-global-color-5)","background-image":"","background-repeat":"repeat","background-position":"center center","background-size":"auto","background-attachment":"scroll","background-type":"","background-media":"","overlay-type":"","overlay-color":"","overlay-opacity":"","overlay-gradient":""},"mobile":{"background-color":"var(--ast-global-color-5)","background-image":"","background-repeat":"repeat","background-position":"center center","background-size":"auto","background-attachment":"scroll","background-type":"","background-media":"","overlay-type":"","overlay-color":"","overlay-opacity":"","overlay-gradient":""}},"footnotes":""},"class_list":["post-6243","page","type-page","status-publish","has-post-thumbnail","hentry"],"aioseo_notices":[],"_links":{"self":[{"href":"https:\/\/erwesreifenberg.com\/fr\/wp-json\/wp\/v2\/pages\/6243","targetHints":{"allow":["GET"]}}],"collection":[{"href":"https:\/\/erwesreifenberg.com\/fr\/wp-json\/wp\/v2\/pages"}],"about":[{"href":"https:\/\/erwesreifenberg.com\/fr\/wp-json\/wp\/v2\/types\/page"}],"author":[{"embeddable":true,"href":"https:\/\/erwesreifenberg.com\/fr\/wp-json\/wp\/v2\/users\/1"}],"replies":[{"embeddable":true,"href":"https:\/\/erwesreifenberg.com\/fr\/wp-json\/wp\/v2\/comments?post=6243"}],"version-history":[{"count":61,"href":"https:\/\/erwesreifenberg.com\/fr\/wp-json\/wp\/v2\/pages\/6243\/revisions"}],"predecessor-version":[{"id":6323,"href":"https:\/\/erwesreifenberg.com\/fr\/wp-json\/wp\/v2\/pages\/6243\/revisions\/6323"}],"wp:featuredmedia":[{"embeddable":true,"href":"https:\/\/erwesreifenberg.com\/fr\/wp-json\/wp\/v2\/media\/6272"}],"wp:attachment":[{"href":"https:\/\/erwesreifenberg.com\/fr\/wp-json\/wp\/v2\/media?parent=6243"}],"curies":[{"name":"wp","href":"https:\/\/api.w.org\/{rel}","templated":true}]}}